{"id":18489,"date":"2024-04-18T12:03:49","date_gmt":"2024-04-18T16:03:49","guid":{"rendered":"https:\/\/dev.huelightusa.com\/product\/camara-de-fotobiomodulacion-de-cuerpo-entero-pbm\/"},"modified":"2025-01-01T05:46:31","modified_gmt":"2025-01-01T10:46:31","slug":"camara-de-fotobiomodulacion-de-cuerpo-entero-pbm","status":"publish","type":"product","link":"https:\/\/dev.huelightusa.com\/es\/producto\/camara-de-fotobiomodulacion-de-cuerpo-entero-pbm\/","title":{"rendered":"C\u00e1mara de fotobiomodulaci\u00f3n de cuerpo entero (PBM)"},"content":{"rendered":"<h2 class=\"pro-title\">C\u00e1mara de fotobiomodulaci\u00f3n de cuerpo entero (PBM)<\/h2>\n<h2>Una gama completa de longitudes de onda respaldadas por la ciencia para rejuvenecer y revitalizar.<\/h2>\n<p> Aproveche el poder de la terapia de luz LED de espectro completo, que incluye luz roja, infrarroja cercana, infrarroja y verde, con la c\u00e1mara de fotobiomodulaci\u00f3n de cuerpo entero de Hue Light USA. Nuestra cama de fotobiomodulaci\u00f3n registrada por la FDA trasciende la terapia tradicional con luz roja y ofrece un espectro completo de longitudes de onda de luz para una atenci\u00f3n individualizada. <\/p>\n<p>Sesiones personalizadas con la \u00faltima tecnolog\u00eda en fototerapia: longitudes de onda verde, roja, NIR e IR; modos de luz continua y pulsante; LED premium con colores precisos; y poder profesional. Dise\u00f1ada para uso profesional o dom\u00e9stico, la cama Hue Light PBM ofrece una experiencia de fototerapia verdaderamente de grado m\u00e9dico. <\/p>\n<ul class=\"pro-list\">\n<li><b>4 espectros de luz:<\/b> amplia gama de longitudes de onda de luz: verde (530 nm), rojo (660 nm), infrarrojo cercano (850 nm) e infrarrojo (940 nm).<\/li>\n<li><b>Potencia de grado m\u00e9dico:<\/b> equipado con 38 880 diodos m\u00e9dicos con salidas de irradiancia ajustables de 34 mW\/cm2-100 mW\/cm2.<\/li>\n<li><b>Modos de frecuencia selectivos o combinados:<\/b> elija entre 8 modos diferentes, incluido el ciclo de frecuencia que utiliza las 7 frecuencias Nogier seg\u00fan las necesidades individuales.<\/li>\n<\/ul>\n","protected":false},"excerpt":{"rendered":"<p><span class=\"product-title\">C\u00e1mara de fotobiomodulaci\u00f3n de cuerpo entero (PBM)<\/span> Puede controlar enfermedades, revertir el estr\u00e9s oxidativo y aumentar la energ\u00eda con la c\u00e1mara de fotobiomodulaci\u00f3n de cuerpo entero (PBM) Hue Light. Nuestra cama de terapia de luz roja funciona para brindar una dosis revitalizante de energ\u00eda de luz infrarroja, roja y verde que, seg\u00fan las investigaciones, ofrece numerosos beneficios para la salud. Un producto clave en nuestro protocolo de <a href=\"https:\/\/dev.huelightusa.com\/bahi-therapy\/\">Terapia BAHI<\/a>, esta cama de fototerapia PBM est\u00e1 dise\u00f1ada para uso comercial o dom\u00e9stico.<\/p>\n","protected":false},"featured_media":20743,"comment_status":"closed","ping_status":"closed","template":"","meta":{"_acf_changed":false},"product_brand":[],"product_cat":[200],"product_tag":[213,214,215],"class_list":{"0":"post-18489","1":"product","2":"type-product","3":"status-publish","4":"has-post-thumbnail","6":"product_cat-productos","7":"product_tag-camara-de-fototerapia","8":"product_tag-dispositivos-de-fotobiomodulacion","9":"product_tag-terapia-pbm-de-fotobiomodulacion","11":"first","12":"instock","13":"shipping-taxable","14":"purchasable","15":"product-type-simple"},"acf":[],"yoast_head":"<!-- This site is optimized with the Yoast SEO Premium plugin v22.8 (Yoast SEO v26.2) - https:\/\/yoast.com\/wordpress\/plugins\/seo\/ -->\n<title>C\u00e1mara de fotobiomodulaci\u00f3n (PBM) de cuerpo entero - Cama RLT | Luz Hue EE. UU.<\/title>\n<meta name=\"description\" content=\"Nuestra cama de terapia de luz roja, la c\u00e1mara de fotobiomodulaci\u00f3n de cuerpo entero (PBM), ofrece luz roja y de infrarrojo cercano de 360 \u200b\u200bgrados. \u00a1Obtenga una cotizaci\u00f3n hoy!\" \/>\n<meta name=\"robots\" content=\"noindex, follow, max-snippet:-1, max-image-preview:large, max-video-preview:-1\" \/>\n<meta property=\"og:locale\" content=\"es_ES\" \/>\n<meta property=\"og:type\" content=\"article\" \/>\n<meta property=\"og:title\" content=\"C\u00e1mara de fotobiomodulaci\u00f3n de cuerpo entero (PBM)\" \/>\n<meta property=\"og:description\" content=\"Nuestra cama de terapia de luz roja, la c\u00e1mara de fotobiomodulaci\u00f3n de cuerpo entero (PBM), ofrece luz roja y de infrarrojo cercano de 360 \u200b\u200bgrados. \u00a1Obtenga una cotizaci\u00f3n hoy!\" \/>\n<meta property=\"og:url\" content=\"https:\/\/dev.huelightusa.com\/es\/producto\/camara-de-fotobiomodulacion-de-cuerpo-entero-pbm\/\" \/>\n<meta property=\"og:site_name\" content=\"Hue Light USA\" \/>\n<meta property=\"article:modified_time\" content=\"2025-01-01T10:46:31+00:00\" \/>\n<meta property=\"og:image\" content=\"https:\/\/dev.huelightusa.com\/wp-content\/uploads\/2024\/04\/WholeBodyPBM_HueLightCD5A3452-HDR.png\" \/>\n\t<meta property=\"og:image:width\" content=\"600\" \/>\n\t<meta property=\"og:image:height\" content=\"550\" \/>\n\t<meta property=\"og:image:type\" content=\"image\/png\" \/>\n<meta name=\"twitter:card\" content=\"summary_large_image\" \/>\n<meta name=\"twitter:label1\" content=\"Est. reading time\" \/>\n\t<meta name=\"twitter:data1\" content=\"2 minutos\" \/>\n<script type=\"application\/ld+json\" class=\"yoast-schema-graph\">{\"@context\":\"https:\/\/schema.org\",\"@graph\":[{\"@type\":\"WebPage\",\"@id\":\"https:\/\/dev.huelightusa.com\/es\/producto\/camara-de-fotobiomodulacion-de-cuerpo-entero-pbm\/\",\"url\":\"https:\/\/dev.huelightusa.com\/es\/producto\/camara-de-fotobiomodulacion-de-cuerpo-entero-pbm\/\",\"name\":\"C\u00e1mara de fotobiomodulaci\u00f3n (PBM) de cuerpo entero - Cama RLT | Luz Hue EE. UU.\",\"isPartOf\":{\"@id\":\"https:\/\/dev.huelightusa.com\/es\/#website\"},\"primaryImageOfPage\":{\"@id\":\"https:\/\/dev.huelightusa.com\/es\/producto\/camara-de-fotobiomodulacion-de-cuerpo-entero-pbm\/#primaryimage\"},\"image\":{\"@id\":\"https:\/\/dev.huelightusa.com\/es\/producto\/camara-de-fotobiomodulacion-de-cuerpo-entero-pbm\/#primaryimage\"},\"thumbnailUrl\":\"https:\/\/dev.huelightusa.com\/wp-content\/uploads\/2024\/04\/WholeBodyPBM_HueLightCD5A3452-HDR.png\",\"datePublished\":\"2024-04-18T16:03:49+00:00\",\"dateModified\":\"2025-01-01T10:46:31+00:00\",\"description\":\"Nuestra cama de terapia de luz roja, la c\u00e1mara de fotobiomodulaci\u00f3n de cuerpo entero (PBM), ofrece luz roja y de infrarrojo cercano de 360 \u200b\u200bgrados. \u00a1Obtenga una cotizaci\u00f3n hoy!\",\"breadcrumb\":{\"@id\":\"https:\/\/dev.huelightusa.com\/es\/producto\/camara-de-fotobiomodulacion-de-cuerpo-entero-pbm\/#breadcrumb\"},\"inLanguage\":\"es\",\"potentialAction\":[{\"@type\":\"ReadAction\",\"target\":[\"https:\/\/dev.huelightusa.com\/es\/producto\/camara-de-fotobiomodulacion-de-cuerpo-entero-pbm\/\"]}]},{\"@type\":\"ImageObject\",\"inLanguage\":\"es\",\"@id\":\"https:\/\/dev.huelightusa.com\/es\/producto\/camara-de-fotobiomodulacion-de-cuerpo-entero-pbm\/#primaryimage\",\"url\":\"https:\/\/dev.huelightusa.com\/wp-content\/uploads\/2024\/04\/WholeBodyPBM_HueLightCD5A3452-HDR.png\",\"contentUrl\":\"https:\/\/dev.huelightusa.com\/wp-content\/uploads\/2024\/04\/WholeBodyPBM_HueLightCD5A3452-HDR.png\",\"width\":600,\"height\":550},{\"@type\":\"BreadcrumbList\",\"@id\":\"https:\/\/dev.huelightusa.com\/es\/producto\/camara-de-fotobiomodulacion-de-cuerpo-entero-pbm\/#breadcrumb\",\"itemListElement\":[{\"@type\":\"ListItem\",\"position\":1,\"name\":\"Home\",\"item\":\"https:\/\/dev.huelightusa.com\/es\/hogar\/\"},{\"@type\":\"ListItem\",\"position\":2,\"name\":\"Productos\",\"item\":\"https:\/\/dev.huelightusa.com\/es\/productos\/\"},{\"@type\":\"ListItem\",\"position\":3,\"name\":\"C\u00e1mara de fotobiomodulaci\u00f3n de cuerpo entero (PBM)\"}]},{\"@type\":\"WebSite\",\"@id\":\"https:\/\/dev.huelightusa.com\/es\/#website\",\"url\":\"https:\/\/dev.huelightusa.com\/es\/\",\"name\":\"Hue Light USA\",\"description\":\"\",\"publisher\":{\"@id\":\"https:\/\/dev.huelightusa.com\/es\/#organization\"},\"potentialAction\":[{\"@type\":\"SearchAction\",\"target\":{\"@type\":\"EntryPoint\",\"urlTemplate\":\"https:\/\/dev.huelightusa.com\/es\/?s={search_term_string}\"},\"query-input\":{\"@type\":\"PropertyValueSpecification\",\"valueRequired\":true,\"valueName\":\"search_term_string\"}}],\"inLanguage\":\"es\"},{\"@type\":\"Organization\",\"@id\":\"https:\/\/dev.huelightusa.com\/es\/#organization\",\"name\":\"Hue Light USA\",\"url\":\"https:\/\/dev.huelightusa.com\/es\/\",\"logo\":{\"@type\":\"ImageObject\",\"inLanguage\":\"es\",\"@id\":\"https:\/\/dev.huelightusa.com\/es\/#\/schema\/logo\/image\/\",\"url\":\"https:\/\/dev.huelightusa.com\/wp-content\/uploads\/2024\/04\/HueLightUSA_Logo.png\",\"contentUrl\":\"https:\/\/dev.huelightusa.com\/wp-content\/uploads\/2024\/04\/HueLightUSA_Logo.png\",\"width\":862,\"height\":169,\"caption\":\"Hue Light USA\"},\"image\":{\"@id\":\"https:\/\/dev.huelightusa.com\/es\/#\/schema\/logo\/image\/\"}}]}<\/script>\n<!-- \/ Yoast SEO Premium plugin. -->","yoast_head_json":{"title":"C\u00e1mara de fotobiomodulaci\u00f3n (PBM) de cuerpo entero - Cama RLT | Luz Hue EE. UU.","description":"Nuestra cama de terapia de luz roja, la c\u00e1mara de fotobiomodulaci\u00f3n de cuerpo entero (PBM), ofrece luz roja y de infrarrojo cercano de 360 \u200b\u200bgrados. \u00a1Obtenga una cotizaci\u00f3n hoy!","robots":{"index":"noindex","follow":"follow","max-snippet":"max-snippet:-1","max-image-preview":"max-image-preview:large","max-video-preview":"max-video-preview:-1"},"og_locale":"es_ES","og_type":"article","og_title":"C\u00e1mara de fotobiomodulaci\u00f3n de cuerpo entero (PBM)","og_description":"Nuestra cama de terapia de luz roja, la c\u00e1mara de fotobiomodulaci\u00f3n de cuerpo entero (PBM), ofrece luz roja y de infrarrojo cercano de 360 \u200b\u200bgrados. \u00a1Obtenga una cotizaci\u00f3n hoy!","og_url":"https:\/\/dev.huelightusa.com\/es\/producto\/camara-de-fotobiomodulacion-de-cuerpo-entero-pbm\/","og_site_name":"Hue Light USA","article_modified_time":"2025-01-01T10:46:31+00:00","og_image":[{"width":600,"height":550,"url":"https:\/\/dev.huelightusa.com\/wp-content\/uploads\/2024\/04\/WholeBodyPBM_HueLightCD5A3452-HDR.png","type":"image\/png"}],"twitter_card":"summary_large_image","twitter_misc":{"Est. reading time":"2 minutos"},"schema":{"@context":"https:\/\/schema.org","@graph":[{"@type":"WebPage","@id":"https:\/\/dev.huelightusa.com\/es\/producto\/camara-de-fotobiomodulacion-de-cuerpo-entero-pbm\/","url":"https:\/\/dev.huelightusa.com\/es\/producto\/camara-de-fotobiomodulacion-de-cuerpo-entero-pbm\/","name":"C\u00e1mara de fotobiomodulaci\u00f3n (PBM) de cuerpo entero - Cama RLT | Luz Hue EE. UU.","isPartOf":{"@id":"https:\/\/dev.huelightusa.com\/es\/#website"},"primaryImageOfPage":{"@id":"https:\/\/dev.huelightusa.com\/es\/producto\/camara-de-fotobiomodulacion-de-cuerpo-entero-pbm\/#primaryimage"},"image":{"@id":"https:\/\/dev.huelightusa.com\/es\/producto\/camara-de-fotobiomodulacion-de-cuerpo-entero-pbm\/#primaryimage"},"thumbnailUrl":"https:\/\/dev.huelightusa.com\/wp-content\/uploads\/2024\/04\/WholeBodyPBM_HueLightCD5A3452-HDR.png","datePublished":"2024-04-18T16:03:49+00:00","dateModified":"2025-01-01T10:46:31+00:00","description":"Nuestra cama de terapia de luz roja, la c\u00e1mara de fotobiomodulaci\u00f3n de cuerpo entero (PBM), ofrece luz roja y de infrarrojo cercano de 360 \u200b\u200bgrados. \u00a1Obtenga una cotizaci\u00f3n hoy!","breadcrumb":{"@id":"https:\/\/dev.huelightusa.com\/es\/producto\/camara-de-fotobiomodulacion-de-cuerpo-entero-pbm\/#breadcrumb"},"inLanguage":"es","potentialAction":[{"@type":"ReadAction","target":["https:\/\/dev.huelightusa.com\/es\/producto\/camara-de-fotobiomodulacion-de-cuerpo-entero-pbm\/"]}]},{"@type":"ImageObject","inLanguage":"es","@id":"https:\/\/dev.huelightusa.com\/es\/producto\/camara-de-fotobiomodulacion-de-cuerpo-entero-pbm\/#primaryimage","url":"https:\/\/dev.huelightusa.com\/wp-content\/uploads\/2024\/04\/WholeBodyPBM_HueLightCD5A3452-HDR.png","contentUrl":"https:\/\/dev.huelightusa.com\/wp-content\/uploads\/2024\/04\/WholeBodyPBM_HueLightCD5A3452-HDR.png","width":600,"height":550},{"@type":"BreadcrumbList","@id":"https:\/\/dev.huelightusa.com\/es\/producto\/camara-de-fotobiomodulacion-de-cuerpo-entero-pbm\/#breadcrumb","itemListElement":[{"@type":"ListItem","position":1,"name":"Home","item":"https:\/\/dev.huelightusa.com\/es\/hogar\/"},{"@type":"ListItem","position":2,"name":"Productos","item":"https:\/\/dev.huelightusa.com\/es\/productos\/"},{"@type":"ListItem","position":3,"name":"C\u00e1mara de fotobiomodulaci\u00f3n de cuerpo entero (PBM)"}]},{"@type":"WebSite","@id":"https:\/\/dev.huelightusa.com\/es\/#website","url":"https:\/\/dev.huelightusa.com\/es\/","name":"Hue Light USA","description":"","publisher":{"@id":"https:\/\/dev.huelightusa.com\/es\/#organization"},"potentialAction":[{"@type":"SearchAction","target":{"@type":"EntryPoint","urlTemplate":"https:\/\/dev.huelightusa.com\/es\/?s={search_term_string}"},"query-input":{"@type":"PropertyValueSpecification","valueRequired":true,"valueName":"search_term_string"}}],"inLanguage":"es"},{"@type":"Organization","@id":"https:\/\/dev.huelightusa.com\/es\/#organization","name":"Hue Light USA","url":"https:\/\/dev.huelightusa.com\/es\/","logo":{"@type":"ImageObject","inLanguage":"es","@id":"https:\/\/dev.huelightusa.com\/es\/#\/schema\/logo\/image\/","url":"https:\/\/dev.huelightusa.com\/wp-content\/uploads\/2024\/04\/HueLightUSA_Logo.png","contentUrl":"https:\/\/dev.huelightusa.com\/wp-content\/uploads\/2024\/04\/HueLightUSA_Logo.png","width":862,"height":169,"caption":"Hue Light USA"},"image":{"@id":"https:\/\/dev.huelightusa.com\/es\/#\/schema\/logo\/image\/"}}]}},"_links":{"self":[{"href":"https:\/\/dev.huelightusa.com\/es\/wp-json\/wp\/v2\/product\/18489","targetHints":{"allow":["GET"]}}],"collection":[{"href":"https:\/\/dev.huelightusa.com\/es\/wp-json\/wp\/v2\/product"}],"about":[{"href":"https:\/\/dev.huelightusa.com\/es\/wp-json\/wp\/v2\/types\/product"}],"replies":[{"embeddable":true,"href":"https:\/\/dev.huelightusa.com\/es\/wp-json\/wp\/v2\/comments?post=18489"}],"wp:featuredmedia":[{"embeddable":true,"href":"https:\/\/dev.huelightusa.com\/es\/wp-json\/wp\/v2\/media\/20743"}],"wp:attachment":[{"href":"https:\/\/dev.huelightusa.com\/es\/wp-json\/wp\/v2\/media?parent=18489"}],"wp:term":[{"taxonomy":"product_brand","embeddable":true,"href":"https:\/\/dev.huelightusa.com\/es\/wp-json\/wp\/v2\/product_brand?post=18489"},{"taxonomy":"product_cat","embeddable":true,"href":"https:\/\/dev.huelightusa.com\/es\/wp-json\/wp\/v2\/product_cat?post=18489"},{"taxonomy":"product_tag","embeddable":true,"href":"https:\/\/dev.huelightusa.com\/es\/wp-json\/wp\/v2\/product_tag?post=18489"}],"curies":[{"name":"wp","href":"https:\/\/api.w.org\/{rel}","templated":true}]}}