{"id":18488,"date":"2024-04-18T12:03:50","date_gmt":"2024-04-18T16:03:50","guid":{"rendered":"https:\/\/dev.huelightusa.com\/product\/irradiador-pbm-de-mama\/"},"modified":"2024-12-23T08:32:15","modified_gmt":"2024-12-23T13:32:15","slug":"irradiador-pbm-de-mama","status":"publish","type":"product","link":"https:\/\/dev.huelightusa.com\/es\/producto\/irradiador-pbm-de-mama\/","title":{"rendered":"Irradiador PBM de mama"},"content":{"rendered":"<h2>2 pasos para lograr senos potencialmente sanos con nuestra almohadilla de terapia de luz roja para senos<\/h2>\n<ol>\n<li>Ejercicio linf\u00e1tico de 30 minutos.<\/li>\n<li>Terapia PBM mamaria de 30 minutos<\/li>\n<\/ol>\n<h2><b>\u00bfQu\u00e9 es la terapia con luz roja?<\/b><\/h2>\n<p>La terapia con luz roja (RLT) es una forma de <a href=\"https:\/\/dev.huelightusa.com\/es\/que-es-la-terapia-de-fotobiomodulacion-una-introduccion\/\">terapia con luz de fotobiomodulaci\u00f3n<\/a> o terapia con luz l\u00e1ser de bajo nivel. Esta terapia no invasiva ofrece efectos analg\u00e9sicos y antiinflamatorios, ayudando a restaurar la funci\u00f3n celular y revertir el estr\u00e9s oxidativo. Este dispositivo ha sido dise\u00f1ado espec\u00edficamente para administrar terapia con luz roja para el dolor de mamas y ganglios linf\u00e1ticos y acelerar la reparaci\u00f3n del tejido mamario.<\/p>\n<h2>Frecuencias de Nogier<\/h2>\n<p>Las frecuencias de Nogier representan la informaci\u00f3n recibida y producida por nuestro cuerpo y se utilizan tanto para diagnosticar como para tratar afecciones. Las frecuencias de Nogier son las frecuencias de pulso m\u00e1s populares utilizadas en este tipo de tratamiento. Hay diferentes niveles de curaci\u00f3n que pueden tener lugar y depende de la frecuencia espec\u00edfica de Nogier que est\u00e9 pulsando. Estos diversos niveles pueden ir desde la curaci\u00f3n superficial hasta la curaci\u00f3n profunda de los \u00f3rganos.<\/p>\n<h2><span class=\"TextRun SCXW24791333 BCX0\" lang=\"EN-US\" xml:lang=\"EN-US\" data-contrast=\"none\"><span class=\"NormalTextRun SCXW24791333 BCX0\">Hay 4 \u00e1reas a las que se dirige la radioterapia PBM:<\/span><\/span><span class=\"EOP SCXW24791333 BCX0\" data-ccp-props=\"{\"201341983\":0,\"335559739\":160,\"335559740\":259}\"> <\/span><\/h2>\n<ul>\n<li style=\"list-style-type: disc; color: #222;\">Ganglios linf\u00e1ticos para minimizar el edema y la inflamaci\u00f3n.<\/li>\n<li style=\"list-style-type: disc; color: #222;\">Nervios para activar la analgesia.<\/li>\n<li style=\"list-style-type: disc; color: #222;\">El sitio de la lesi\u00f3n para estimular la curaci\u00f3n, proporcionar reconstrucci\u00f3n y reducir la inflamaci\u00f3n.<\/li>\n<li style=\"list-style-type: disc; color: #222;\">Puntos gatillo para aliviar el dolor y relajar las fibras musculares tensas.<\/li>\n<\/ul>\n<p><a style=\"color: #bb8e54; font-size: 18px; display: inline-block; margin-top: 20px;\" href=\"https:\/\/dev.huelightusa.com\/es\/recursos-citados\/\" target=\"_blank\" rel=\"noopener\"><b>Recursos citados<\/b><\/a><\/p>\n","protected":false},"excerpt":{"rendered":"<p><span class=\"product-title\">Irradiador PBM de mama: nuevo modelo mejorado<\/span><br \/>\nDise\u00f1ada para brindar la m\u00e1xima comodidad, nuestra almohadilla de terapia de luz roja PBM para senos funciona para ayudar a calmar el dolor y revitalizar los ganglios linf\u00e1ticos. Equipado con luz roja e infrarroja cercana, este dispositivo funciona para entregar energ\u00eda luminosa que penetra profundamente en los ganglios linf\u00e1ticos (debajo del brazo) y los m\u00fasculos de los senos. Var\u00ede el pulso de luz seg\u00fan las frecuencias de Nogier para optimizar la salida de sus s\u00edntomas. <\/p>\n","protected":false},"featured_media":21554,"comment_status":"closed","ping_status":"closed","template":"","meta":{"_acf_changed":false},"product_brand":[],"product_cat":[205,200],"product_tag":[218,219],"class_list":{"0":"post-18488","1":"product","2":"type-product","3":"status-publish","4":"has-post-thumbnail","6":"product_cat-hogar","7":"product_cat-productos","8":"product_tag-irradiacion-mamaria-parcial-acelerada","9":"product_tag-radioterapia-para-el-cancer-de-mama","11":"first","12":"outofstock","13":"sale","14":"shipping-taxable","15":"purchasable","16":"product-type-simple"},"acf":[],"yoast_head":"<!-- This site is optimized with the Yoast SEO Premium plugin v22.8 (Yoast SEO v26.2) - https:\/\/yoast.com\/wordpress\/plugins\/seo\/ -->\n<title>Irradiador PBM para senos - Almohadilla de terapia de luz roja | Luz Hue EE. UU.<\/title>\n<meta name=\"description\" content=\"El irradiador de senos PBM, nuestra almohadilla de terapia con luz roja para los senos, ofrece una terapia de luz relajante para el dolor y la inflamaci\u00f3n de los senos, los s\u00edntomas del s\u00edndrome premenstrual y m\u00e1s.\" \/>\n<meta name=\"robots\" content=\"noindex, follow, max-snippet:-1, max-image-preview:large, max-video-preview:-1\" \/>\n<meta property=\"og:locale\" content=\"es_ES\" \/>\n<meta property=\"og:type\" content=\"article\" \/>\n<meta property=\"og:title\" content=\"Irradiador PBM de mama\" \/>\n<meta property=\"og:description\" content=\"El irradiador de senos PBM, nuestra almohadilla de terapia con luz roja para los senos, ofrece una terapia de luz relajante para el dolor y la inflamaci\u00f3n de los senos, los s\u00edntomas del s\u00edndrome premenstrual y m\u00e1s.\" \/>\n<meta property=\"og:url\" content=\"https:\/\/dev.huelightusa.com\/es\/producto\/irradiador-pbm-de-mama\/\" \/>\n<meta property=\"og:site_name\" content=\"Hue Light USA\" \/>\n<meta property=\"article:modified_time\" content=\"2024-12-23T13:32:15+00:00\" \/>\n<meta property=\"og:image\" content=\"https:\/\/dev.huelightusa.com\/wp-content\/uploads\/2024\/04\/Breast-PBM-Irradiator-1-1.webp\" \/>\n\t<meta property=\"og:image:width\" content=\"770\" \/>\n\t<meta property=\"og:image:height\" content=\"910\" \/>\n\t<meta property=\"og:image:type\" content=\"image\/webp\" \/>\n<meta name=\"twitter:card\" content=\"summary_large_image\" \/>\n<meta name=\"twitter:label1\" content=\"Est. reading time\" \/>\n\t<meta name=\"twitter:data1\" content=\"2 minutos\" \/>\n<script type=\"application\/ld+json\" class=\"yoast-schema-graph\">{\"@context\":\"https:\/\/schema.org\",\"@graph\":[{\"@type\":\"WebPage\",\"@id\":\"https:\/\/dev.huelightusa.com\/es\/producto\/irradiador-pbm-de-mama\/\",\"url\":\"https:\/\/dev.huelightusa.com\/es\/producto\/irradiador-pbm-de-mama\/\",\"name\":\"Irradiador PBM para senos - Almohadilla de terapia de luz roja | Luz Hue EE. UU.\",\"isPartOf\":{\"@id\":\"https:\/\/dev.huelightusa.com\/es\/#website\"},\"primaryImageOfPage\":{\"@id\":\"https:\/\/dev.huelightusa.com\/es\/producto\/irradiador-pbm-de-mama\/#primaryimage\"},\"image\":{\"@id\":\"https:\/\/dev.huelightusa.com\/es\/producto\/irradiador-pbm-de-mama\/#primaryimage\"},\"thumbnailUrl\":\"https:\/\/dev.huelightusa.com\/wp-content\/uploads\/2024\/04\/P1.png\",\"datePublished\":\"2024-04-18T16:03:50+00:00\",\"dateModified\":\"2024-12-23T13:32:15+00:00\",\"description\":\"El irradiador de senos PBM, nuestra almohadilla de terapia con luz roja para los senos, ofrece una terapia de luz relajante para el dolor y la inflamaci\u00f3n de los senos, los s\u00edntomas del s\u00edndrome premenstrual y m\u00e1s.\",\"breadcrumb\":{\"@id\":\"https:\/\/dev.huelightusa.com\/es\/producto\/irradiador-pbm-de-mama\/#breadcrumb\"},\"inLanguage\":\"es\",\"potentialAction\":[{\"@type\":\"ReadAction\",\"target\":[\"https:\/\/dev.huelightusa.com\/es\/producto\/irradiador-pbm-de-mama\/\"]}]},{\"@type\":\"ImageObject\",\"inLanguage\":\"es\",\"@id\":\"https:\/\/dev.huelightusa.com\/es\/producto\/irradiador-pbm-de-mama\/#primaryimage\",\"url\":\"https:\/\/dev.huelightusa.com\/wp-content\/uploads\/2024\/04\/P1.png\",\"contentUrl\":\"https:\/\/dev.huelightusa.com\/wp-content\/uploads\/2024\/04\/P1.png\",\"width\":4762,\"height\":3175},{\"@type\":\"BreadcrumbList\",\"@id\":\"https:\/\/dev.huelightusa.com\/es\/producto\/irradiador-pbm-de-mama\/#breadcrumb\",\"itemListElement\":[{\"@type\":\"ListItem\",\"position\":1,\"name\":\"Home\",\"item\":\"https:\/\/dev.huelightusa.com\/es\/hogar\/\"},{\"@type\":\"ListItem\",\"position\":2,\"name\":\"Productos\",\"item\":\"https:\/\/dev.huelightusa.com\/es\/productos\/\"},{\"@type\":\"ListItem\",\"position\":3,\"name\":\"Irradiador PBM de mama\"}]},{\"@type\":\"WebSite\",\"@id\":\"https:\/\/dev.huelightusa.com\/es\/#website\",\"url\":\"https:\/\/dev.huelightusa.com\/es\/\",\"name\":\"Hue Light USA\",\"description\":\"\",\"publisher\":{\"@id\":\"https:\/\/dev.huelightusa.com\/es\/#organization\"},\"potentialAction\":[{\"@type\":\"SearchAction\",\"target\":{\"@type\":\"EntryPoint\",\"urlTemplate\":\"https:\/\/dev.huelightusa.com\/es\/?s={search_term_string}\"},\"query-input\":{\"@type\":\"PropertyValueSpecification\",\"valueRequired\":true,\"valueName\":\"search_term_string\"}}],\"inLanguage\":\"es\"},{\"@type\":\"Organization\",\"@id\":\"https:\/\/dev.huelightusa.com\/es\/#organization\",\"name\":\"Hue Light USA\",\"url\":\"https:\/\/dev.huelightusa.com\/es\/\",\"logo\":{\"@type\":\"ImageObject\",\"inLanguage\":\"es\",\"@id\":\"https:\/\/dev.huelightusa.com\/es\/#\/schema\/logo\/image\/\",\"url\":\"https:\/\/dev.huelightusa.com\/wp-content\/uploads\/2024\/04\/HueLightUSA_Logo.png\",\"contentUrl\":\"https:\/\/dev.huelightusa.com\/wp-content\/uploads\/2024\/04\/HueLightUSA_Logo.png\",\"width\":862,\"height\":169,\"caption\":\"Hue Light USA\"},\"image\":{\"@id\":\"https:\/\/dev.huelightusa.com\/es\/#\/schema\/logo\/image\/\"}}]}<\/script>\n<!-- \/ Yoast SEO Premium plugin. -->","yoast_head_json":{"title":"Irradiador PBM para senos - Almohadilla de terapia de luz roja | Luz Hue EE. UU.","description":"El irradiador de senos PBM, nuestra almohadilla de terapia con luz roja para los senos, ofrece una terapia de luz relajante para el dolor y la inflamaci\u00f3n de los senos, los s\u00edntomas del s\u00edndrome premenstrual y m\u00e1s.","robots":{"index":"noindex","follow":"follow","max-snippet":"max-snippet:-1","max-image-preview":"max-image-preview:large","max-video-preview":"max-video-preview:-1"},"og_locale":"es_ES","og_type":"article","og_title":"Irradiador PBM de mama","og_description":"El irradiador de senos PBM, nuestra almohadilla de terapia con luz roja para los senos, ofrece una terapia de luz relajante para el dolor y la inflamaci\u00f3n de los senos, los s\u00edntomas del s\u00edndrome premenstrual y m\u00e1s.","og_url":"https:\/\/dev.huelightusa.com\/es\/producto\/irradiador-pbm-de-mama\/","og_site_name":"Hue Light USA","article_modified_time":"2024-12-23T13:32:15+00:00","og_image":[{"width":770,"height":910,"url":"https:\/\/dev.huelightusa.com\/wp-content\/uploads\/2024\/04\/Breast-PBM-Irradiator-1-1.webp","type":"image\/webp"}],"twitter_card":"summary_large_image","twitter_misc":{"Est. reading time":"2 minutos"},"schema":{"@context":"https:\/\/schema.org","@graph":[{"@type":"WebPage","@id":"https:\/\/dev.huelightusa.com\/es\/producto\/irradiador-pbm-de-mama\/","url":"https:\/\/dev.huelightusa.com\/es\/producto\/irradiador-pbm-de-mama\/","name":"Irradiador PBM para senos - Almohadilla de terapia de luz roja | Luz Hue EE. UU.","isPartOf":{"@id":"https:\/\/dev.huelightusa.com\/es\/#website"},"primaryImageOfPage":{"@id":"https:\/\/dev.huelightusa.com\/es\/producto\/irradiador-pbm-de-mama\/#primaryimage"},"image":{"@id":"https:\/\/dev.huelightusa.com\/es\/producto\/irradiador-pbm-de-mama\/#primaryimage"},"thumbnailUrl":"https:\/\/dev.huelightusa.com\/wp-content\/uploads\/2024\/04\/P1.png","datePublished":"2024-04-18T16:03:50+00:00","dateModified":"2024-12-23T13:32:15+00:00","description":"El irradiador de senos PBM, nuestra almohadilla de terapia con luz roja para los senos, ofrece una terapia de luz relajante para el dolor y la inflamaci\u00f3n de los senos, los s\u00edntomas del s\u00edndrome premenstrual y m\u00e1s.","breadcrumb":{"@id":"https:\/\/dev.huelightusa.com\/es\/producto\/irradiador-pbm-de-mama\/#breadcrumb"},"inLanguage":"es","potentialAction":[{"@type":"ReadAction","target":["https:\/\/dev.huelightusa.com\/es\/producto\/irradiador-pbm-de-mama\/"]}]},{"@type":"ImageObject","inLanguage":"es","@id":"https:\/\/dev.huelightusa.com\/es\/producto\/irradiador-pbm-de-mama\/#primaryimage","url":"https:\/\/dev.huelightusa.com\/wp-content\/uploads\/2024\/04\/P1.png","contentUrl":"https:\/\/dev.huelightusa.com\/wp-content\/uploads\/2024\/04\/P1.png","width":4762,"height":3175},{"@type":"BreadcrumbList","@id":"https:\/\/dev.huelightusa.com\/es\/producto\/irradiador-pbm-de-mama\/#breadcrumb","itemListElement":[{"@type":"ListItem","position":1,"name":"Home","item":"https:\/\/dev.huelightusa.com\/es\/hogar\/"},{"@type":"ListItem","position":2,"name":"Productos","item":"https:\/\/dev.huelightusa.com\/es\/productos\/"},{"@type":"ListItem","position":3,"name":"Irradiador PBM de mama"}]},{"@type":"WebSite","@id":"https:\/\/dev.huelightusa.com\/es\/#website","url":"https:\/\/dev.huelightusa.com\/es\/","name":"Hue Light USA","description":"","publisher":{"@id":"https:\/\/dev.huelightusa.com\/es\/#organization"},"potentialAction":[{"@type":"SearchAction","target":{"@type":"EntryPoint","urlTemplate":"https:\/\/dev.huelightusa.com\/es\/?s={search_term_string}"},"query-input":{"@type":"PropertyValueSpecification","valueRequired":true,"valueName":"search_term_string"}}],"inLanguage":"es"},{"@type":"Organization","@id":"https:\/\/dev.huelightusa.com\/es\/#organization","name":"Hue Light USA","url":"https:\/\/dev.huelightusa.com\/es\/","logo":{"@type":"ImageObject","inLanguage":"es","@id":"https:\/\/dev.huelightusa.com\/es\/#\/schema\/logo\/image\/","url":"https:\/\/dev.huelightusa.com\/wp-content\/uploads\/2024\/04\/HueLightUSA_Logo.png","contentUrl":"https:\/\/dev.huelightusa.com\/wp-content\/uploads\/2024\/04\/HueLightUSA_Logo.png","width":862,"height":169,"caption":"Hue Light USA"},"image":{"@id":"https:\/\/dev.huelightusa.com\/es\/#\/schema\/logo\/image\/"}}]}},"_links":{"self":[{"href":"https:\/\/dev.huelightusa.com\/es\/wp-json\/wp\/v2\/product\/18488","targetHints":{"allow":["GET"]}}],"collection":[{"href":"https:\/\/dev.huelightusa.com\/es\/wp-json\/wp\/v2\/product"}],"about":[{"href":"https:\/\/dev.huelightusa.com\/es\/wp-json\/wp\/v2\/types\/product"}],"replies":[{"embeddable":true,"href":"https:\/\/dev.huelightusa.com\/es\/wp-json\/wp\/v2\/comments?post=18488"}],"wp:featuredmedia":[{"embeddable":true,"href":"https:\/\/dev.huelightusa.com\/es\/wp-json\/wp\/v2\/media\/21554"}],"wp:attachment":[{"href":"https:\/\/dev.huelightusa.com\/es\/wp-json\/wp\/v2\/media?parent=18488"}],"wp:term":[{"taxonomy":"product_brand","embeddable":true,"href":"https:\/\/dev.huelightusa.com\/es\/wp-json\/wp\/v2\/product_brand?post=18488"},{"taxonomy":"product_cat","embeddable":true,"href":"https:\/\/dev.huelightusa.com\/es\/wp-json\/wp\/v2\/product_cat?post=18488"},{"taxonomy":"product_tag","embeddable":true,"href":"https:\/\/dev.huelightusa.com\/es\/wp-json\/wp\/v2\/product_tag?post=18488"}],"curies":[{"name":"wp","href":"https:\/\/api.w.org\/{rel}","templated":true}]}}