{"id":18486,"date":"2024-04-18T12:03:50","date_gmt":"2024-04-18T16:03:50","guid":{"rendered":"https:\/\/dev.huelightusa.com\/product\/capsula-de-oxigeno-hiperbarico\/"},"modified":"2024-10-28T03:45:56","modified_gmt":"2024-10-28T07:45:56","slug":"capsula-de-oxigeno-hiperbarico","status":"publish","type":"product","link":"https:\/\/dev.huelightusa.com\/es\/producto\/capsula-de-oxigeno-hiperbarico\/","title":{"rendered":"C\u00e1psula de ox\u00edgeno hiperb\u00e1rico"},"content":{"rendered":"<h2>\u00bfQu\u00e9 es la oxigenoterapia hiperb\u00e1rica?<\/h2>\n<p>Considerada un tratamiento bien establecido para una serie de problemas de salud, esta forma de terapia implica respirar ox\u00edgeno puro dentro de una habitaci\u00f3n o tubo presurizado. En un lecho de c\u00e1mara de ox\u00edgeno hiperb\u00e1rico, la presi\u00f3n del aire aumenta hasta tres veces m\u00e1s de lo normal. Como resultado, sus pulmones pueden recolectar m\u00e1s ox\u00edgeno del que podr\u00edan recolectar si respiraran ox\u00edgeno puro a una presi\u00f3n de aire normal. Este ox\u00edgeno es transportado por todo el cuerpo a trav\u00e9s de la sangre, donde debe ayudar en la lucha contra las bacterias y estimula la liberaci\u00f3n de factores de crecimiento y c\u00e9lulas madre, que contribuyen a la curaci\u00f3n.<\/p>\n<p><a style=\"color: #bb8e54; font-size: 18px; display: inline-block; margin-top: 20px;\" href=\"https:\/\/dev.huelightusa.com\/es\/recursos-citados\/\" target=\"_blank\" rel=\"noopener\"><b>Recursos citados<\/b><\/a><\/p>\n","protected":false},"excerpt":{"rendered":"<p><span class=\"product-title\">C\u00e1psula de ox\u00edgeno hiperb\u00e1rico<\/span><br \/>\nLa c\u00e1psula de ox\u00edgeno hiperb\u00e1rico de cubierta dura de Hue Light es ideal para la terapia de ox\u00edgeno hiperb\u00e1rico en el hogar o comercial. Esta c\u00e1mara monoplaza TOHB, que proporciona un 40 % de O2 concentrado para revitalizar y restaurar el cuerpo, est\u00e1 dise\u00f1ada para durar y est\u00e1 respaldada por una garant\u00eda de tres a\u00f1os. Utilice la oxigenoterapia hiperb\u00e1rica para potenciar las defensas curativas naturales de su cuerpo; TOHB est\u00e1 aprobado por la FDA para tratar una amplia gama de afecciones. <\/p>\n","protected":false},"featured_media":21971,"comment_status":"closed","ping_status":"closed","template":"","meta":{"_acf_changed":false},"product_brand":[],"product_cat":[205,200],"product_tag":[],"class_list":{"0":"post-18486","1":"product","2":"type-product","3":"status-publish","4":"has-post-thumbnail","6":"product_cat-hogar","7":"product_cat-productos","9":"first","10":"instock","11":"sale","12":"shipping-taxable","13":"purchasable","14":"product-type-simple"},"acf":[],"yoast_head":"<!-- This site is optimized with the Yoast SEO Premium plugin v22.8 (Yoast SEO v26.2) - https:\/\/yoast.com\/wordpress\/plugins\/seo\/ -->\n<title>C\u00e1mara de Ox\u00edgeno Hiperb\u00e1rico - C\u00e1psula de Ox\u00edgeno | Luz Hue EE. UU.<\/title>\n<meta name=\"description\" content=\"Nuestra c\u00e1psula de ox\u00edgeno hiperb\u00e1rico es una c\u00e1mara hiperb\u00e1rica de carcasa dura de \u00faltima generaci\u00f3n para uso dom\u00e9stico o comercial. \u00a1Habla con una experta en HBOT hoy!\" \/>\n<meta name=\"robots\" content=\"noindex, follow, max-snippet:-1, max-image-preview:large, max-video-preview:-1\" \/>\n<meta property=\"og:locale\" content=\"es_ES\" \/>\n<meta property=\"og:type\" content=\"article\" \/>\n<meta property=\"og:title\" content=\"C\u00e1psula de ox\u00edgeno hiperb\u00e1rico\" \/>\n<meta property=\"og:description\" content=\"Nuestra c\u00e1psula de ox\u00edgeno hiperb\u00e1rico es una c\u00e1mara hiperb\u00e1rica de carcasa dura de \u00faltima generaci\u00f3n para uso dom\u00e9stico o comercial. \u00a1Habla con una experta en HBOT hoy!\" \/>\n<meta property=\"og:url\" content=\"https:\/\/dev.huelightusa.com\/es\/producto\/capsula-de-oxigeno-hiperbarico\/\" \/>\n<meta property=\"og:site_name\" content=\"Hue Light USA\" \/>\n<meta property=\"article:modified_time\" content=\"2024-10-28T07:45:56+00:00\" \/>\n<meta property=\"og:image\" content=\"https:\/\/dev.huelightusa.com\/wp-content\/uploads\/2024\/04\/HyperbaricOxygenCapsule_v1-1.webp\" \/>\n\t<meta property=\"og:image:width\" content=\"770\" \/>\n\t<meta property=\"og:image:height\" content=\"910\" \/>\n\t<meta property=\"og:image:type\" content=\"image\/webp\" \/>\n<meta name=\"twitter:card\" content=\"summary_large_image\" \/>\n<meta name=\"twitter:label1\" content=\"Est. reading time\" \/>\n\t<meta name=\"twitter:data1\" content=\"1 minuto\" \/>\n<script type=\"application\/ld+json\" class=\"yoast-schema-graph\">{\"@context\":\"https:\/\/schema.org\",\"@graph\":[{\"@type\":\"WebPage\",\"@id\":\"https:\/\/dev.huelightusa.com\/es\/producto\/capsula-de-oxigeno-hiperbarico\/\",\"url\":\"https:\/\/dev.huelightusa.com\/es\/producto\/capsula-de-oxigeno-hiperbarico\/\",\"name\":\"C\u00e1mara de Ox\u00edgeno Hiperb\u00e1rico - C\u00e1psula de Ox\u00edgeno | Luz Hue EE. UU.\",\"isPartOf\":{\"@id\":\"https:\/\/dev.huelightusa.com\/es\/#website\"},\"primaryImageOfPage\":{\"@id\":\"https:\/\/dev.huelightusa.com\/es\/producto\/capsula-de-oxigeno-hiperbarico\/#primaryimage\"},\"image\":{\"@id\":\"https:\/\/dev.huelightusa.com\/es\/producto\/capsula-de-oxigeno-hiperbarico\/#primaryimage\"},\"thumbnailUrl\":\"https:\/\/dev.huelightusa.com\/wp-content\/uploads\/2024\/04\/hydrogen-inhalation-therapy-machine-inner-image-1.png\",\"datePublished\":\"2024-04-18T16:03:50+00:00\",\"dateModified\":\"2024-10-28T07:45:56+00:00\",\"description\":\"Nuestra c\u00e1psula de ox\u00edgeno hiperb\u00e1rico es una c\u00e1mara hiperb\u00e1rica de carcasa dura de \u00faltima generaci\u00f3n para uso dom\u00e9stico o comercial. \u00a1Habla con una experta en HBOT hoy!\",\"breadcrumb\":{\"@id\":\"https:\/\/dev.huelightusa.com\/es\/producto\/capsula-de-oxigeno-hiperbarico\/#breadcrumb\"},\"inLanguage\":\"es\",\"potentialAction\":[{\"@type\":\"ReadAction\",\"target\":[\"https:\/\/dev.huelightusa.com\/es\/producto\/capsula-de-oxigeno-hiperbarico\/\"]}]},{\"@type\":\"ImageObject\",\"inLanguage\":\"es\",\"@id\":\"https:\/\/dev.huelightusa.com\/es\/producto\/capsula-de-oxigeno-hiperbarico\/#primaryimage\",\"url\":\"https:\/\/dev.huelightusa.com\/wp-content\/uploads\/2024\/04\/hydrogen-inhalation-therapy-machine-inner-image-1.png\",\"contentUrl\":\"https:\/\/dev.huelightusa.com\/wp-content\/uploads\/2024\/04\/hydrogen-inhalation-therapy-machine-inner-image-1.png\",\"width\":600,\"height\":550},{\"@type\":\"BreadcrumbList\",\"@id\":\"https:\/\/dev.huelightusa.com\/es\/producto\/capsula-de-oxigeno-hiperbarico\/#breadcrumb\",\"itemListElement\":[{\"@type\":\"ListItem\",\"position\":1,\"name\":\"Home\",\"item\":\"https:\/\/dev.huelightusa.com\/es\/hogar\/\"},{\"@type\":\"ListItem\",\"position\":2,\"name\":\"Productos\",\"item\":\"https:\/\/dev.huelightusa.com\/es\/productos\/\"},{\"@type\":\"ListItem\",\"position\":3,\"name\":\"C\u00e1psula de ox\u00edgeno hiperb\u00e1rico\"}]},{\"@type\":\"WebSite\",\"@id\":\"https:\/\/dev.huelightusa.com\/es\/#website\",\"url\":\"https:\/\/dev.huelightusa.com\/es\/\",\"name\":\"Hue Light USA\",\"description\":\"\",\"publisher\":{\"@id\":\"https:\/\/dev.huelightusa.com\/es\/#organization\"},\"potentialAction\":[{\"@type\":\"SearchAction\",\"target\":{\"@type\":\"EntryPoint\",\"urlTemplate\":\"https:\/\/dev.huelightusa.com\/es\/?s={search_term_string}\"},\"query-input\":{\"@type\":\"PropertyValueSpecification\",\"valueRequired\":true,\"valueName\":\"search_term_string\"}}],\"inLanguage\":\"es\"},{\"@type\":\"Organization\",\"@id\":\"https:\/\/dev.huelightusa.com\/es\/#organization\",\"name\":\"Hue Light USA\",\"url\":\"https:\/\/dev.huelightusa.com\/es\/\",\"logo\":{\"@type\":\"ImageObject\",\"inLanguage\":\"es\",\"@id\":\"https:\/\/dev.huelightusa.com\/es\/#\/schema\/logo\/image\/\",\"url\":\"https:\/\/dev.huelightusa.com\/wp-content\/uploads\/2024\/04\/HueLightUSA_Logo.png\",\"contentUrl\":\"https:\/\/dev.huelightusa.com\/wp-content\/uploads\/2024\/04\/HueLightUSA_Logo.png\",\"width\":862,\"height\":169,\"caption\":\"Hue Light USA\"},\"image\":{\"@id\":\"https:\/\/dev.huelightusa.com\/es\/#\/schema\/logo\/image\/\"}}]}<\/script>\n<!-- \/ Yoast SEO Premium plugin. -->","yoast_head_json":{"title":"C\u00e1mara de Ox\u00edgeno Hiperb\u00e1rico - C\u00e1psula de Ox\u00edgeno | Luz Hue EE. UU.","description":"Nuestra c\u00e1psula de ox\u00edgeno hiperb\u00e1rico es una c\u00e1mara hiperb\u00e1rica de carcasa dura de \u00faltima generaci\u00f3n para uso dom\u00e9stico o comercial. \u00a1Habla con una experta en HBOT hoy!","robots":{"index":"noindex","follow":"follow","max-snippet":"max-snippet:-1","max-image-preview":"max-image-preview:large","max-video-preview":"max-video-preview:-1"},"og_locale":"es_ES","og_type":"article","og_title":"C\u00e1psula de ox\u00edgeno hiperb\u00e1rico","og_description":"Nuestra c\u00e1psula de ox\u00edgeno hiperb\u00e1rico es una c\u00e1mara hiperb\u00e1rica de carcasa dura de \u00faltima generaci\u00f3n para uso dom\u00e9stico o comercial. \u00a1Habla con una experta en HBOT hoy!","og_url":"https:\/\/dev.huelightusa.com\/es\/producto\/capsula-de-oxigeno-hiperbarico\/","og_site_name":"Hue Light USA","article_modified_time":"2024-10-28T07:45:56+00:00","og_image":[{"width":770,"height":910,"url":"https:\/\/dev.huelightusa.com\/wp-content\/uploads\/2024\/04\/HyperbaricOxygenCapsule_v1-1.webp","type":"image\/webp"}],"twitter_card":"summary_large_image","twitter_misc":{"Est. reading time":"1 minuto"},"schema":{"@context":"https:\/\/schema.org","@graph":[{"@type":"WebPage","@id":"https:\/\/dev.huelightusa.com\/es\/producto\/capsula-de-oxigeno-hiperbarico\/","url":"https:\/\/dev.huelightusa.com\/es\/producto\/capsula-de-oxigeno-hiperbarico\/","name":"C\u00e1mara de Ox\u00edgeno Hiperb\u00e1rico - C\u00e1psula de Ox\u00edgeno | Luz Hue EE. UU.","isPartOf":{"@id":"https:\/\/dev.huelightusa.com\/es\/#website"},"primaryImageOfPage":{"@id":"https:\/\/dev.huelightusa.com\/es\/producto\/capsula-de-oxigeno-hiperbarico\/#primaryimage"},"image":{"@id":"https:\/\/dev.huelightusa.com\/es\/producto\/capsula-de-oxigeno-hiperbarico\/#primaryimage"},"thumbnailUrl":"https:\/\/dev.huelightusa.com\/wp-content\/uploads\/2024\/04\/hydrogen-inhalation-therapy-machine-inner-image-1.png","datePublished":"2024-04-18T16:03:50+00:00","dateModified":"2024-10-28T07:45:56+00:00","description":"Nuestra c\u00e1psula de ox\u00edgeno hiperb\u00e1rico es una c\u00e1mara hiperb\u00e1rica de carcasa dura de \u00faltima generaci\u00f3n para uso dom\u00e9stico o comercial. \u00a1Habla con una experta en HBOT hoy!","breadcrumb":{"@id":"https:\/\/dev.huelightusa.com\/es\/producto\/capsula-de-oxigeno-hiperbarico\/#breadcrumb"},"inLanguage":"es","potentialAction":[{"@type":"ReadAction","target":["https:\/\/dev.huelightusa.com\/es\/producto\/capsula-de-oxigeno-hiperbarico\/"]}]},{"@type":"ImageObject","inLanguage":"es","@id":"https:\/\/dev.huelightusa.com\/es\/producto\/capsula-de-oxigeno-hiperbarico\/#primaryimage","url":"https:\/\/dev.huelightusa.com\/wp-content\/uploads\/2024\/04\/hydrogen-inhalation-therapy-machine-inner-image-1.png","contentUrl":"https:\/\/dev.huelightusa.com\/wp-content\/uploads\/2024\/04\/hydrogen-inhalation-therapy-machine-inner-image-1.png","width":600,"height":550},{"@type":"BreadcrumbList","@id":"https:\/\/dev.huelightusa.com\/es\/producto\/capsula-de-oxigeno-hiperbarico\/#breadcrumb","itemListElement":[{"@type":"ListItem","position":1,"name":"Home","item":"https:\/\/dev.huelightusa.com\/es\/hogar\/"},{"@type":"ListItem","position":2,"name":"Productos","item":"https:\/\/dev.huelightusa.com\/es\/productos\/"},{"@type":"ListItem","position":3,"name":"C\u00e1psula de ox\u00edgeno hiperb\u00e1rico"}]},{"@type":"WebSite","@id":"https:\/\/dev.huelightusa.com\/es\/#website","url":"https:\/\/dev.huelightusa.com\/es\/","name":"Hue Light USA","description":"","publisher":{"@id":"https:\/\/dev.huelightusa.com\/es\/#organization"},"potentialAction":[{"@type":"SearchAction","target":{"@type":"EntryPoint","urlTemplate":"https:\/\/dev.huelightusa.com\/es\/?s={search_term_string}"},"query-input":{"@type":"PropertyValueSpecification","valueRequired":true,"valueName":"search_term_string"}}],"inLanguage":"es"},{"@type":"Organization","@id":"https:\/\/dev.huelightusa.com\/es\/#organization","name":"Hue Light USA","url":"https:\/\/dev.huelightusa.com\/es\/","logo":{"@type":"ImageObject","inLanguage":"es","@id":"https:\/\/dev.huelightusa.com\/es\/#\/schema\/logo\/image\/","url":"https:\/\/dev.huelightusa.com\/wp-content\/uploads\/2024\/04\/HueLightUSA_Logo.png","contentUrl":"https:\/\/dev.huelightusa.com\/wp-content\/uploads\/2024\/04\/HueLightUSA_Logo.png","width":862,"height":169,"caption":"Hue Light USA"},"image":{"@id":"https:\/\/dev.huelightusa.com\/es\/#\/schema\/logo\/image\/"}}]}},"_links":{"self":[{"href":"https:\/\/dev.huelightusa.com\/es\/wp-json\/wp\/v2\/product\/18486","targetHints":{"allow":["GET"]}}],"collection":[{"href":"https:\/\/dev.huelightusa.com\/es\/wp-json\/wp\/v2\/product"}],"about":[{"href":"https:\/\/dev.huelightusa.com\/es\/wp-json\/wp\/v2\/types\/product"}],"replies":[{"embeddable":true,"href":"https:\/\/dev.huelightusa.com\/es\/wp-json\/wp\/v2\/comments?post=18486"}],"wp:featuredmedia":[{"embeddable":true,"href":"https:\/\/dev.huelightusa.com\/es\/wp-json\/wp\/v2\/media\/21971"}],"wp:attachment":[{"href":"https:\/\/dev.huelightusa.com\/es\/wp-json\/wp\/v2\/media?parent=18486"}],"wp:term":[{"taxonomy":"product_brand","embeddable":true,"href":"https:\/\/dev.huelightusa.com\/es\/wp-json\/wp\/v2\/product_brand?post=18486"},{"taxonomy":"product_cat","embeddable":true,"href":"https:\/\/dev.huelightusa.com\/es\/wp-json\/wp\/v2\/product_cat?post=18486"},{"taxonomy":"product_tag","embeddable":true,"href":"https:\/\/dev.huelightusa.com\/es\/wp-json\/wp\/v2\/product_tag?post=18486"}],"curies":[{"name":"wp","href":"https:\/\/api.w.org\/{rel}","templated":true}]}}