{"id":18476,"date":"2024-04-18T12:03:50","date_gmt":"2024-04-18T16:03:50","guid":{"rendered":"https:\/\/dev.huelightusa.com\/product\/aguja\/"},"modified":"2024-06-12T13:48:48","modified_gmt":"2024-06-12T13:48:48","slug":"aguja","status":"publish","type":"product","link":"https:\/\/dev.huelightusa.com\/es\/producto\/aguja\/","title":{"rendered":"Aguja"},"content":{"rendered":"","protected":false},"excerpt":{"rendered":"<p><span class=\"product-title\">Aguja<\/span><br \/>\n<b>Juego de c\u00e1nulas nasales est\u00e1ndar:<\/b> Este juego de tubos blandos de 7 pies est\u00e1 compuesto de material de primera calidad y es seguro, ecol\u00f3gico y duradero. Tiene un tubo de silicona suave y grueso para hacer que el ox\u00edgeno y el hidr\u00f3geno se muevan suavemente.<\/p>\n<p><b>Excelente dise\u00f1o:<\/b> F\u00e1cil de usar y limpiar, nuestro producto consta de un anillo ajustable, un cabezal de succi\u00f3n nasal extra\u00edble y un recolector de agua desmontable.<\/p>\n<p><b>Longevidad:<\/b> Se puede reutilizar repetidamente.<\/p>\n<p><b>Compatibilidad:<\/b> Tiene una junta abocardada blanda de 6 mm y es adecuada para una variedad de marcas de m\u00e1quinas de ox\u00edgeno e hidr\u00f3geno.<\/p>\n","protected":false},"featured_media":21668,"comment_status":"closed","ping_status":"closed","template":"","meta":{"_acf_changed":false},"product_brand":[],"product_cat":[205,200],"product_tag":[],"class_list":{"0":"post-18476","1":"product","2":"type-product","3":"status-publish","4":"has-post-thumbnail","6":"product_cat-hogar","7":"product_cat-productos","9":"first","10":"instock","11":"sale","12":"sold-individually","13":"shipping-taxable","14":"purchasable","15":"product-type-variable","16":"has-default-attributes"},"acf":[],"yoast_head":"<!-- This site is optimized with the Yoast SEO Premium plugin v22.8 (Yoast SEO v26.2) - https:\/\/yoast.com\/wordpress\/plugins\/seo\/ -->\n<title>C\u00e1nula nasal: terapia de inhalaci\u00f3n de hidr\u00f3geno | Luz Hue EE. UU.<\/title>\n<meta name=\"description\" content=\"Utilice nuestra c\u00e1nula nasal de silicona para administrar la terapia de inhalaci\u00f3n de hidr\u00f3geno molecular. Compatible con nuestros dispositivos de hidr\u00f3geno molecular H-1200 y H-2000.\" \/>\n<meta name=\"robots\" content=\"noindex, follow, max-snippet:-1, max-image-preview:large, max-video-preview:-1\" \/>\n<meta property=\"og:locale\" content=\"es_ES\" \/>\n<meta property=\"og:type\" content=\"article\" \/>\n<meta property=\"og:title\" content=\"Aguja\" \/>\n<meta property=\"og:description\" content=\"Utilice nuestra c\u00e1nula nasal de silicona para administrar la terapia de inhalaci\u00f3n de hidr\u00f3geno molecular. Compatible con nuestros dispositivos de hidr\u00f3geno molecular H-1200 y H-2000.\" \/>\n<meta property=\"og:url\" content=\"https:\/\/dev.huelightusa.com\/es\/producto\/aguja\/\" \/>\n<meta property=\"og:site_name\" content=\"Hue Light USA\" \/>\n<meta property=\"article:modified_time\" content=\"2024-06-12T13:48:48+00:00\" \/>\n<meta property=\"og:image\" content=\"https:\/\/dev.huelightusa.com\/wp-content\/uploads\/2024\/04\/cannula.png\" \/>\n\t<meta property=\"og:image:width\" content=\"770\" \/>\n\t<meta property=\"og:image:height\" content=\"910\" \/>\n\t<meta property=\"og:image:type\" content=\"image\/png\" \/>\n<meta name=\"twitter:card\" content=\"summary_large_image\" \/>\n<meta name=\"twitter:label1\" content=\"Est. reading time\" \/>\n\t<meta name=\"twitter:data1\" content=\"1 minuto\" \/>\n<script type=\"application\/ld+json\" class=\"yoast-schema-graph\">{\"@context\":\"https:\/\/schema.org\",\"@graph\":[{\"@type\":\"WebPage\",\"@id\":\"https:\/\/dev.huelightusa.com\/es\/producto\/aguja\/\",\"url\":\"https:\/\/dev.huelightusa.com\/es\/producto\/aguja\/\",\"name\":\"C\u00e1nula nasal: terapia de inhalaci\u00f3n de hidr\u00f3geno | Luz Hue EE. UU.\",\"isPartOf\":{\"@id\":\"https:\/\/dev.huelightusa.com\/es\/#website\"},\"primaryImageOfPage\":{\"@id\":\"https:\/\/dev.huelightusa.com\/es\/producto\/aguja\/#primaryimage\"},\"image\":{\"@id\":\"https:\/\/dev.huelightusa.com\/es\/producto\/aguja\/#primaryimage\"},\"thumbnailUrl\":\"https:\/\/dev.huelightusa.com\/wp-content\/uploads\/2024\/04\/1.png\",\"datePublished\":\"2024-04-18T16:03:50+00:00\",\"dateModified\":\"2024-06-12T13:48:48+00:00\",\"description\":\"Utilice nuestra c\u00e1nula nasal de silicona para administrar la terapia de inhalaci\u00f3n de hidr\u00f3geno molecular. Compatible con nuestros dispositivos de hidr\u00f3geno molecular H-1200 y H-2000.\",\"breadcrumb\":{\"@id\":\"https:\/\/dev.huelightusa.com\/es\/producto\/aguja\/#breadcrumb\"},\"inLanguage\":\"es\",\"potentialAction\":[{\"@type\":\"ReadAction\",\"target\":[\"https:\/\/dev.huelightusa.com\/es\/producto\/aguja\/\"]}]},{\"@type\":\"ImageObject\",\"inLanguage\":\"es\",\"@id\":\"https:\/\/dev.huelightusa.com\/es\/producto\/aguja\/#primaryimage\",\"url\":\"https:\/\/dev.huelightusa.com\/wp-content\/uploads\/2024\/04\/1.png\",\"contentUrl\":\"https:\/\/dev.huelightusa.com\/wp-content\/uploads\/2024\/04\/1.png\",\"width\":600,\"height\":550},{\"@type\":\"BreadcrumbList\",\"@id\":\"https:\/\/dev.huelightusa.com\/es\/producto\/aguja\/#breadcrumb\",\"itemListElement\":[{\"@type\":\"ListItem\",\"position\":1,\"name\":\"Home\",\"item\":\"https:\/\/dev.huelightusa.com\/es\/hogar\/\"},{\"@type\":\"ListItem\",\"position\":2,\"name\":\"Productos\",\"item\":\"https:\/\/dev.huelightusa.com\/es\/productos\/\"},{\"@type\":\"ListItem\",\"position\":3,\"name\":\"Aguja\"}]},{\"@type\":\"WebSite\",\"@id\":\"https:\/\/dev.huelightusa.com\/es\/#website\",\"url\":\"https:\/\/dev.huelightusa.com\/es\/\",\"name\":\"Hue Light USA\",\"description\":\"\",\"publisher\":{\"@id\":\"https:\/\/dev.huelightusa.com\/es\/#organization\"},\"potentialAction\":[{\"@type\":\"SearchAction\",\"target\":{\"@type\":\"EntryPoint\",\"urlTemplate\":\"https:\/\/dev.huelightusa.com\/es\/?s={search_term_string}\"},\"query-input\":{\"@type\":\"PropertyValueSpecification\",\"valueRequired\":true,\"valueName\":\"search_term_string\"}}],\"inLanguage\":\"es\"},{\"@type\":\"Organization\",\"@id\":\"https:\/\/dev.huelightusa.com\/es\/#organization\",\"name\":\"Hue Light USA\",\"url\":\"https:\/\/dev.huelightusa.com\/es\/\",\"logo\":{\"@type\":\"ImageObject\",\"inLanguage\":\"es\",\"@id\":\"https:\/\/dev.huelightusa.com\/es\/#\/schema\/logo\/image\/\",\"url\":\"https:\/\/dev.huelightusa.com\/wp-content\/uploads\/2024\/04\/HueLightUSA_Logo.png\",\"contentUrl\":\"https:\/\/dev.huelightusa.com\/wp-content\/uploads\/2024\/04\/HueLightUSA_Logo.png\",\"width\":862,\"height\":169,\"caption\":\"Hue Light USA\"},\"image\":{\"@id\":\"https:\/\/dev.huelightusa.com\/es\/#\/schema\/logo\/image\/\"}}]}<\/script>\n<!-- \/ Yoast SEO Premium plugin. -->","yoast_head_json":{"title":"C\u00e1nula nasal: terapia de inhalaci\u00f3n de hidr\u00f3geno | Luz Hue EE. UU.","description":"Utilice nuestra c\u00e1nula nasal de silicona para administrar la terapia de inhalaci\u00f3n de hidr\u00f3geno molecular. Compatible con nuestros dispositivos de hidr\u00f3geno molecular H-1200 y H-2000.","robots":{"index":"noindex","follow":"follow","max-snippet":"max-snippet:-1","max-image-preview":"max-image-preview:large","max-video-preview":"max-video-preview:-1"},"og_locale":"es_ES","og_type":"article","og_title":"Aguja","og_description":"Utilice nuestra c\u00e1nula nasal de silicona para administrar la terapia de inhalaci\u00f3n de hidr\u00f3geno molecular. Compatible con nuestros dispositivos de hidr\u00f3geno molecular H-1200 y H-2000.","og_url":"https:\/\/dev.huelightusa.com\/es\/producto\/aguja\/","og_site_name":"Hue Light USA","article_modified_time":"2024-06-12T13:48:48+00:00","og_image":[{"width":770,"height":910,"url":"https:\/\/dev.huelightusa.com\/wp-content\/uploads\/2024\/04\/cannula.png","type":"image\/png"}],"twitter_card":"summary_large_image","twitter_misc":{"Est. reading time":"1 minuto"},"schema":{"@context":"https:\/\/schema.org","@graph":[{"@type":"WebPage","@id":"https:\/\/dev.huelightusa.com\/es\/producto\/aguja\/","url":"https:\/\/dev.huelightusa.com\/es\/producto\/aguja\/","name":"C\u00e1nula nasal: terapia de inhalaci\u00f3n de hidr\u00f3geno | Luz Hue EE. UU.","isPartOf":{"@id":"https:\/\/dev.huelightusa.com\/es\/#website"},"primaryImageOfPage":{"@id":"https:\/\/dev.huelightusa.com\/es\/producto\/aguja\/#primaryimage"},"image":{"@id":"https:\/\/dev.huelightusa.com\/es\/producto\/aguja\/#primaryimage"},"thumbnailUrl":"https:\/\/dev.huelightusa.com\/wp-content\/uploads\/2024\/04\/1.png","datePublished":"2024-04-18T16:03:50+00:00","dateModified":"2024-06-12T13:48:48+00:00","description":"Utilice nuestra c\u00e1nula nasal de silicona para administrar la terapia de inhalaci\u00f3n de hidr\u00f3geno molecular. Compatible con nuestros dispositivos de hidr\u00f3geno molecular H-1200 y H-2000.","breadcrumb":{"@id":"https:\/\/dev.huelightusa.com\/es\/producto\/aguja\/#breadcrumb"},"inLanguage":"es","potentialAction":[{"@type":"ReadAction","target":["https:\/\/dev.huelightusa.com\/es\/producto\/aguja\/"]}]},{"@type":"ImageObject","inLanguage":"es","@id":"https:\/\/dev.huelightusa.com\/es\/producto\/aguja\/#primaryimage","url":"https:\/\/dev.huelightusa.com\/wp-content\/uploads\/2024\/04\/1.png","contentUrl":"https:\/\/dev.huelightusa.com\/wp-content\/uploads\/2024\/04\/1.png","width":600,"height":550},{"@type":"BreadcrumbList","@id":"https:\/\/dev.huelightusa.com\/es\/producto\/aguja\/#breadcrumb","itemListElement":[{"@type":"ListItem","position":1,"name":"Home","item":"https:\/\/dev.huelightusa.com\/es\/hogar\/"},{"@type":"ListItem","position":2,"name":"Productos","item":"https:\/\/dev.huelightusa.com\/es\/productos\/"},{"@type":"ListItem","position":3,"name":"Aguja"}]},{"@type":"WebSite","@id":"https:\/\/dev.huelightusa.com\/es\/#website","url":"https:\/\/dev.huelightusa.com\/es\/","name":"Hue Light USA","description":"","publisher":{"@id":"https:\/\/dev.huelightusa.com\/es\/#organization"},"potentialAction":[{"@type":"SearchAction","target":{"@type":"EntryPoint","urlTemplate":"https:\/\/dev.huelightusa.com\/es\/?s={search_term_string}"},"query-input":{"@type":"PropertyValueSpecification","valueRequired":true,"valueName":"search_term_string"}}],"inLanguage":"es"},{"@type":"Organization","@id":"https:\/\/dev.huelightusa.com\/es\/#organization","name":"Hue Light USA","url":"https:\/\/dev.huelightusa.com\/es\/","logo":{"@type":"ImageObject","inLanguage":"es","@id":"https:\/\/dev.huelightusa.com\/es\/#\/schema\/logo\/image\/","url":"https:\/\/dev.huelightusa.com\/wp-content\/uploads\/2024\/04\/HueLightUSA_Logo.png","contentUrl":"https:\/\/dev.huelightusa.com\/wp-content\/uploads\/2024\/04\/HueLightUSA_Logo.png","width":862,"height":169,"caption":"Hue Light USA"},"image":{"@id":"https:\/\/dev.huelightusa.com\/es\/#\/schema\/logo\/image\/"}}]}},"_links":{"self":[{"href":"https:\/\/dev.huelightusa.com\/es\/wp-json\/wp\/v2\/product\/18476","targetHints":{"allow":["GET"]}}],"collection":[{"href":"https:\/\/dev.huelightusa.com\/es\/wp-json\/wp\/v2\/product"}],"about":[{"href":"https:\/\/dev.huelightusa.com\/es\/wp-json\/wp\/v2\/types\/product"}],"replies":[{"embeddable":true,"href":"https:\/\/dev.huelightusa.com\/es\/wp-json\/wp\/v2\/comments?post=18476"}],"wp:featuredmedia":[{"embeddable":true,"href":"https:\/\/dev.huelightusa.com\/es\/wp-json\/wp\/v2\/media\/21668"}],"wp:attachment":[{"href":"https:\/\/dev.huelightusa.com\/es\/wp-json\/wp\/v2\/media?parent=18476"}],"wp:term":[{"taxonomy":"product_brand","embeddable":true,"href":"https:\/\/dev.huelightusa.com\/es\/wp-json\/wp\/v2\/product_brand?post=18476"},{"taxonomy":"product_cat","embeddable":true,"href":"https:\/\/dev.huelightusa.com\/es\/wp-json\/wp\/v2\/product_cat?post=18476"},{"taxonomy":"product_tag","embeddable":true,"href":"https:\/\/dev.huelightusa.com\/es\/wp-json\/wp\/v2\/product_tag?post=18476"}],"curies":[{"name":"wp","href":"https:\/\/api.w.org\/{rel}","templated":true}]}}