{"id":18473,"date":"2024-04-18T12:03:50","date_gmt":"2024-04-18T16:03:50","guid":{"rendered":"https:\/\/dev.huelightusa.com\/product\/nuevo-dispositivo-de-inhalacion-de-hidrogeno-molecular\/"},"modified":"2025-02-18T01:36:20","modified_gmt":"2025-02-18T06:36:20","slug":"nuevo-dispositivo-de-inhalacion-de-hidrogeno-molecular","status":"publish","type":"product","link":"https:\/\/dev.huelightusa.com\/es\/producto\/nuevo-dispositivo-de-inhalacion-de-hidrogeno-molecular\/","title":{"rendered":"Dispositivo de inhalaci\u00f3n de hidr\u00f3geno molecular"},"content":{"rendered":"<h2 class=\"pro-title\">Inhalador de hidr\u00f3geno molecular H-2000<\/h2>\n<h2>Revitalice y restaure con la terapia de inhalaci\u00f3n de hidr\u00f3geno<\/h2>\n<p>El H-2000 es un inhalador de hidr\u00f3geno molecular de \u00faltima generaci\u00f3n. Al suministrar 2100 cc de gas hidr\u00f3geno-ox\u00edgeno por minuto, el H-2000 rejuvenece el cuerpo a nivel celular y combate el estr\u00e9s oxidativo.<\/p>\n<p>La terapia de inhalaci\u00f3n de hidr\u00f3geno distribuye hidr\u00f3geno molecular (un poderoso antioxidante) por todo el cuerpo, estableciendo un nuevo est\u00e1ndar en la optimizaci\u00f3n de la salud.<\/p>\n<ul class=\"pro-list\">\n<li><b>Generaci\u00f3n segura de gas:<\/b> utiliza tecnolog\u00eda PEM para generar gas hidr\u00f3geno-ox\u00edgeno 2:1. Se logra una pureza del 99,99% con nuestro catalizador de oro blanco y titanio.  <\/li>\n<li><b>M\u00faltiples usos para su salud:<\/b> utilice el H-2000 para revitalizar la terapia de inhalaci\u00f3n de hidr\u00f3geno o como generador de agua de hidr\u00f3geno para infundir gas en agua.<\/li>\n<li><b>Operaci\u00f3n f\u00e1cil de usar:<\/b> comience a usar el inhalador de hidr\u00f3geno H-2000 en minutos. Ideal para uso cl\u00ednico, comercial o dom\u00e9stico. <\/li>\n<li><b>Respaldado por la garant\u00eda:<\/b> registrado-por la FDA y cubierto por una garant\u00eda de tres a\u00f1os. <\/li>\n<\/ul>\n","protected":false},"excerpt":{"rendered":"<p><span class=\"product-title\">Nuevo dispositivo de inhalaci\u00f3n de hidr\u00f3geno molecular (H-2000)<\/span> Experimente el poder curativo del hidr\u00f3geno con nuestra m\u00e1quina de inhalaci\u00f3n de hidr\u00f3geno molecular (H-2000). La mol\u00e9cula antioxidante y antiinflamatoria m\u00e1s potente jam\u00e1s conocida, el hidr\u00f3geno molecular (H2), favorece el bienestar y el rejuvenecimiento. La <a href=\"https:\/\/dev.huelightusa.com\/what-is-hydrogen-therapy\/\">terapia de inhalaci\u00f3n de hidr\u00f3geno molecular<\/a>, una terapia utilizada desde hace mucho tiempo en Jap\u00f3n y Corea, administra gas hidr\u00f3geno al cuerpo, donde est\u00e1 destinado a ayudar a revertir el estr\u00e9s oxidativo y eliminar los radicales libres da\u00f1inos. Compacta y port\u00e1til, la H-2000 es una m\u00e1quina de inhalaci\u00f3n de hidr\u00f3geno ideal para uso comercial, cl\u00ednico o dom\u00e9stico.<\/p>\n","protected":false},"featured_media":21217,"comment_status":"closed","ping_status":"closed","template":"","meta":{"_acf_changed":false},"product_brand":[],"product_cat":[200],"product_tag":[],"class_list":{"0":"post-18473","1":"product","2":"type-product","3":"status-publish","4":"has-post-thumbnail","6":"product_cat-productos","8":"first","9":"instock","10":"sale","11":"shipping-taxable","12":"purchasable","13":"product-type-variable","14":"has-default-attributes"},"acf":[],"yoast_head":"<!-- This site is optimized with the Yoast SEO Premium plugin v22.8 (Yoast SEO v26.2) - https:\/\/yoast.com\/wordpress\/plugins\/seo\/ -->\n<title>Dispositivo de inhalaci\u00f3n de hidr\u00f3geno molecular (H-2000) | Luz Hue EE. UU.<\/title>\n<meta name=\"description\" content=\"El H-2000, nuestro inhalador de h2 m\u00e1s nuevo, suministra 1400 cc de gas hidr\u00f3geno-ox\u00edgeno por minuto. Esta m\u00e1quina de inhalaci\u00f3n de hidr\u00f3geno es ideal para uso comercial.\" \/>\n<meta name=\"robots\" content=\"noindex, follow, max-snippet:-1, max-image-preview:large, max-video-preview:-1\" \/>\n<meta property=\"og:locale\" content=\"es_ES\" \/>\n<meta property=\"og:type\" content=\"article\" \/>\n<meta property=\"og:title\" content=\"Dispositivo de inhalaci\u00f3n de hidr\u00f3geno molecular\" \/>\n<meta property=\"og:description\" content=\"El H-2000, nuestro inhalador de h2 m\u00e1s nuevo, suministra 1400 cc de gas hidr\u00f3geno-ox\u00edgeno por minuto. Esta m\u00e1quina de inhalaci\u00f3n de hidr\u00f3geno es ideal para uso comercial.\" \/>\n<meta property=\"og:url\" content=\"https:\/\/dev.huelightusa.com\/es\/producto\/nuevo-dispositivo-de-inhalacion-de-hidrogeno-molecular\/\" \/>\n<meta property=\"og:site_name\" content=\"Hue Light USA\" \/>\n<meta property=\"article:modified_time\" content=\"2025-02-18T06:36:20+00:00\" \/>\n<meta property=\"og:image\" content=\"https:\/\/dev.huelightusa.com\/wp-content\/uploads\/2024\/04\/H-2000-new.png\" \/>\n\t<meta property=\"og:image:width\" content=\"600\" \/>\n\t<meta property=\"og:image:height\" content=\"550\" \/>\n\t<meta property=\"og:image:type\" content=\"image\/png\" \/>\n<meta name=\"twitter:card\" content=\"summary_large_image\" \/>\n<meta name=\"twitter:label1\" content=\"Est. reading time\" \/>\n\t<meta name=\"twitter:data1\" content=\"1 minuto\" \/>\n<script type=\"application\/ld+json\" class=\"yoast-schema-graph\">{\"@context\":\"https:\/\/schema.org\",\"@graph\":[{\"@type\":\"WebPage\",\"@id\":\"https:\/\/dev.huelightusa.com\/es\/producto\/nuevo-dispositivo-de-inhalacion-de-hidrogeno-molecular\/\",\"url\":\"https:\/\/dev.huelightusa.com\/es\/producto\/nuevo-dispositivo-de-inhalacion-de-hidrogeno-molecular\/\",\"name\":\"Dispositivo de inhalaci\u00f3n de hidr\u00f3geno molecular (H-2000) | Luz Hue EE. UU.\",\"isPartOf\":{\"@id\":\"https:\/\/dev.huelightusa.com\/es\/#website\"},\"primaryImageOfPage\":{\"@id\":\"https:\/\/dev.huelightusa.com\/es\/producto\/nuevo-dispositivo-de-inhalacion-de-hidrogeno-molecular\/#primaryimage\"},\"image\":{\"@id\":\"https:\/\/dev.huelightusa.com\/es\/producto\/nuevo-dispositivo-de-inhalacion-de-hidrogeno-molecular\/#primaryimage\"},\"thumbnailUrl\":\"https:\/\/dev.huelightusa.com\/wp-content\/uploads\/2024\/04\/H-2000-new.png\",\"datePublished\":\"2024-04-18T16:03:50+00:00\",\"dateModified\":\"2025-02-18T06:36:20+00:00\",\"description\":\"El H-2000, nuestro inhalador de h2 m\u00e1s nuevo, suministra 1400 cc de gas hidr\u00f3geno-ox\u00edgeno por minuto. Esta m\u00e1quina de inhalaci\u00f3n de hidr\u00f3geno es ideal para uso comercial.\",\"breadcrumb\":{\"@id\":\"https:\/\/dev.huelightusa.com\/es\/producto\/nuevo-dispositivo-de-inhalacion-de-hidrogeno-molecular\/#breadcrumb\"},\"inLanguage\":\"es\",\"potentialAction\":[{\"@type\":\"ReadAction\",\"target\":[\"https:\/\/dev.huelightusa.com\/es\/producto\/nuevo-dispositivo-de-inhalacion-de-hidrogeno-molecular\/\"]}]},{\"@type\":\"ImageObject\",\"inLanguage\":\"es\",\"@id\":\"https:\/\/dev.huelightusa.com\/es\/producto\/nuevo-dispositivo-de-inhalacion-de-hidrogeno-molecular\/#primaryimage\",\"url\":\"https:\/\/dev.huelightusa.com\/wp-content\/uploads\/2024\/04\/H-2000-new.png\",\"contentUrl\":\"https:\/\/dev.huelightusa.com\/wp-content\/uploads\/2024\/04\/H-2000-new.png\",\"width\":600,\"height\":550},{\"@type\":\"BreadcrumbList\",\"@id\":\"https:\/\/dev.huelightusa.com\/es\/producto\/nuevo-dispositivo-de-inhalacion-de-hidrogeno-molecular\/#breadcrumb\",\"itemListElement\":[{\"@type\":\"ListItem\",\"position\":1,\"name\":\"Home\",\"item\":\"https:\/\/dev.huelightusa.com\/es\/hogar\/\"},{\"@type\":\"ListItem\",\"position\":2,\"name\":\"Productos\",\"item\":\"https:\/\/dev.huelightusa.com\/es\/productos\/\"},{\"@type\":\"ListItem\",\"position\":3,\"name\":\"Dispositivo de inhalaci\u00f3n de hidr\u00f3geno molecular\"}]},{\"@type\":\"WebSite\",\"@id\":\"https:\/\/dev.huelightusa.com\/es\/#website\",\"url\":\"https:\/\/dev.huelightusa.com\/es\/\",\"name\":\"Hue Light USA\",\"description\":\"\",\"publisher\":{\"@id\":\"https:\/\/dev.huelightusa.com\/es\/#organization\"},\"potentialAction\":[{\"@type\":\"SearchAction\",\"target\":{\"@type\":\"EntryPoint\",\"urlTemplate\":\"https:\/\/dev.huelightusa.com\/es\/?s={search_term_string}\"},\"query-input\":{\"@type\":\"PropertyValueSpecification\",\"valueRequired\":true,\"valueName\":\"search_term_string\"}}],\"inLanguage\":\"es\"},{\"@type\":\"Organization\",\"@id\":\"https:\/\/dev.huelightusa.com\/es\/#organization\",\"name\":\"Hue Light USA\",\"url\":\"https:\/\/dev.huelightusa.com\/es\/\",\"logo\":{\"@type\":\"ImageObject\",\"inLanguage\":\"es\",\"@id\":\"https:\/\/dev.huelightusa.com\/es\/#\/schema\/logo\/image\/\",\"url\":\"https:\/\/dev.huelightusa.com\/wp-content\/uploads\/2024\/04\/HueLightUSA_Logo.png\",\"contentUrl\":\"https:\/\/dev.huelightusa.com\/wp-content\/uploads\/2024\/04\/HueLightUSA_Logo.png\",\"width\":862,\"height\":169,\"caption\":\"Hue Light USA\"},\"image\":{\"@id\":\"https:\/\/dev.huelightusa.com\/es\/#\/schema\/logo\/image\/\"}}]}<\/script>\n<!-- \/ Yoast SEO Premium plugin. -->","yoast_head_json":{"title":"Dispositivo de inhalaci\u00f3n de hidr\u00f3geno molecular (H-2000) | Luz Hue EE. UU.","description":"El H-2000, nuestro inhalador de h2 m\u00e1s nuevo, suministra 1400 cc de gas hidr\u00f3geno-ox\u00edgeno por minuto. Esta m\u00e1quina de inhalaci\u00f3n de hidr\u00f3geno es ideal para uso comercial.","robots":{"index":"noindex","follow":"follow","max-snippet":"max-snippet:-1","max-image-preview":"max-image-preview:large","max-video-preview":"max-video-preview:-1"},"og_locale":"es_ES","og_type":"article","og_title":"Dispositivo de inhalaci\u00f3n de hidr\u00f3geno molecular","og_description":"El H-2000, nuestro inhalador de h2 m\u00e1s nuevo, suministra 1400 cc de gas hidr\u00f3geno-ox\u00edgeno por minuto. Esta m\u00e1quina de inhalaci\u00f3n de hidr\u00f3geno es ideal para uso comercial.","og_url":"https:\/\/dev.huelightusa.com\/es\/producto\/nuevo-dispositivo-de-inhalacion-de-hidrogeno-molecular\/","og_site_name":"Hue Light USA","article_modified_time":"2025-02-18T06:36:20+00:00","og_image":[{"width":600,"height":550,"url":"https:\/\/dev.huelightusa.com\/wp-content\/uploads\/2024\/04\/H-2000-new.png","type":"image\/png"}],"twitter_card":"summary_large_image","twitter_misc":{"Est. reading time":"1 minuto"},"schema":{"@context":"https:\/\/schema.org","@graph":[{"@type":"WebPage","@id":"https:\/\/dev.huelightusa.com\/es\/producto\/nuevo-dispositivo-de-inhalacion-de-hidrogeno-molecular\/","url":"https:\/\/dev.huelightusa.com\/es\/producto\/nuevo-dispositivo-de-inhalacion-de-hidrogeno-molecular\/","name":"Dispositivo de inhalaci\u00f3n de hidr\u00f3geno molecular (H-2000) | Luz Hue EE. UU.","isPartOf":{"@id":"https:\/\/dev.huelightusa.com\/es\/#website"},"primaryImageOfPage":{"@id":"https:\/\/dev.huelightusa.com\/es\/producto\/nuevo-dispositivo-de-inhalacion-de-hidrogeno-molecular\/#primaryimage"},"image":{"@id":"https:\/\/dev.huelightusa.com\/es\/producto\/nuevo-dispositivo-de-inhalacion-de-hidrogeno-molecular\/#primaryimage"},"thumbnailUrl":"https:\/\/dev.huelightusa.com\/wp-content\/uploads\/2024\/04\/H-2000-new.png","datePublished":"2024-04-18T16:03:50+00:00","dateModified":"2025-02-18T06:36:20+00:00","description":"El H-2000, nuestro inhalador de h2 m\u00e1s nuevo, suministra 1400 cc de gas hidr\u00f3geno-ox\u00edgeno por minuto. Esta m\u00e1quina de inhalaci\u00f3n de hidr\u00f3geno es ideal para uso comercial.","breadcrumb":{"@id":"https:\/\/dev.huelightusa.com\/es\/producto\/nuevo-dispositivo-de-inhalacion-de-hidrogeno-molecular\/#breadcrumb"},"inLanguage":"es","potentialAction":[{"@type":"ReadAction","target":["https:\/\/dev.huelightusa.com\/es\/producto\/nuevo-dispositivo-de-inhalacion-de-hidrogeno-molecular\/"]}]},{"@type":"ImageObject","inLanguage":"es","@id":"https:\/\/dev.huelightusa.com\/es\/producto\/nuevo-dispositivo-de-inhalacion-de-hidrogeno-molecular\/#primaryimage","url":"https:\/\/dev.huelightusa.com\/wp-content\/uploads\/2024\/04\/H-2000-new.png","contentUrl":"https:\/\/dev.huelightusa.com\/wp-content\/uploads\/2024\/04\/H-2000-new.png","width":600,"height":550},{"@type":"BreadcrumbList","@id":"https:\/\/dev.huelightusa.com\/es\/producto\/nuevo-dispositivo-de-inhalacion-de-hidrogeno-molecular\/#breadcrumb","itemListElement":[{"@type":"ListItem","position":1,"name":"Home","item":"https:\/\/dev.huelightusa.com\/es\/hogar\/"},{"@type":"ListItem","position":2,"name":"Productos","item":"https:\/\/dev.huelightusa.com\/es\/productos\/"},{"@type":"ListItem","position":3,"name":"Dispositivo de inhalaci\u00f3n de hidr\u00f3geno molecular"}]},{"@type":"WebSite","@id":"https:\/\/dev.huelightusa.com\/es\/#website","url":"https:\/\/dev.huelightusa.com\/es\/","name":"Hue Light USA","description":"","publisher":{"@id":"https:\/\/dev.huelightusa.com\/es\/#organization"},"potentialAction":[{"@type":"SearchAction","target":{"@type":"EntryPoint","urlTemplate":"https:\/\/dev.huelightusa.com\/es\/?s={search_term_string}"},"query-input":{"@type":"PropertyValueSpecification","valueRequired":true,"valueName":"search_term_string"}}],"inLanguage":"es"},{"@type":"Organization","@id":"https:\/\/dev.huelightusa.com\/es\/#organization","name":"Hue Light USA","url":"https:\/\/dev.huelightusa.com\/es\/","logo":{"@type":"ImageObject","inLanguage":"es","@id":"https:\/\/dev.huelightusa.com\/es\/#\/schema\/logo\/image\/","url":"https:\/\/dev.huelightusa.com\/wp-content\/uploads\/2024\/04\/HueLightUSA_Logo.png","contentUrl":"https:\/\/dev.huelightusa.com\/wp-content\/uploads\/2024\/04\/HueLightUSA_Logo.png","width":862,"height":169,"caption":"Hue Light USA"},"image":{"@id":"https:\/\/dev.huelightusa.com\/es\/#\/schema\/logo\/image\/"}}]}},"_links":{"self":[{"href":"https:\/\/dev.huelightusa.com\/es\/wp-json\/wp\/v2\/product\/18473","targetHints":{"allow":["GET"]}}],"collection":[{"href":"https:\/\/dev.huelightusa.com\/es\/wp-json\/wp\/v2\/product"}],"about":[{"href":"https:\/\/dev.huelightusa.com\/es\/wp-json\/wp\/v2\/types\/product"}],"replies":[{"embeddable":true,"href":"https:\/\/dev.huelightusa.com\/es\/wp-json\/wp\/v2\/comments?post=18473"}],"wp:featuredmedia":[{"embeddable":true,"href":"https:\/\/dev.huelightusa.com\/es\/wp-json\/wp\/v2\/media\/21217"}],"wp:attachment":[{"href":"https:\/\/dev.huelightusa.com\/es\/wp-json\/wp\/v2\/media?parent=18473"}],"wp:term":[{"taxonomy":"product_brand","embeddable":true,"href":"https:\/\/dev.huelightusa.com\/es\/wp-json\/wp\/v2\/product_brand?post=18473"},{"taxonomy":"product_cat","embeddable":true,"href":"https:\/\/dev.huelightusa.com\/es\/wp-json\/wp\/v2\/product_cat?post=18473"},{"taxonomy":"product_tag","embeddable":true,"href":"https:\/\/dev.huelightusa.com\/es\/wp-json\/wp\/v2\/product_tag?post=18473"}],"curies":[{"name":"wp","href":"https:\/\/api.w.org\/{rel}","templated":true}]}}